{"id":105,"date":"2023-08-07T20:30:37","date_gmt":"2023-08-07T20:30:37","guid":{"rendered":"https:\/\/constructiiecologice.ro\/materiale\/mesmerize\/"},"modified":"2023-11-04T21:24:03","modified_gmt":"2023-11-04T21:24:03","slug":"mesmerize","status":"publish","type":"page","link":"https:\/\/constructiiecologice.ro\/materiale\/","title":{"rendered":"Ce aleg"},"content":{"rendered":"<div  data-label=\"Overlappable\" data-id=\"overlappable--1\" data-export-id=\"overlappable-4\" data-category=\"overlappable\" class=\"overlappable-4 content-section content-section-spacing\" data-overlap=\"true\" id=\"overlappable-1\" style=\"background-color: rgb(245, 250, 253); background-image: none;\"><div  class=\"\"> <div  data-type=\"row\" class=\"row spaced-cols text-center center-sm\"><div  class=\"col-xs-12 col-sm-4 col-padding col-md-3 \"> <a data-cp-link=\"1\" href=\"https:\/\/constructiiecologice.ro\/materiale\/pe-categorii\" target=\"_self\" rel=\"noopener\"><i  class=\"fa icon shadow-large-black aligncenter color1 fa-list-alt bordered round large\"><\/i><\/a> <div  data-type=\"column\" class=\"\"> <h5  class=\"\">Pe categorii<\/h5> <p  class=\"\">Caut\u0103 materiale \u00een func\u021bie de locul din cas\u0103 unde dore\u0219ti s\u0103-l folose\u0219ti : podea, pere\u021bi, acoperi\u0219<\/p><a class=\"link\" href=\"https:\/\/constructiiecologice.ro\/materiale\/pe-categorii\" target=\"_self\" data-cp-link=\"1\" rel=\"noopener\">Caut\u0103 Aici<\/a><\/div> <\/div> <div  class=\"col-xs-12 col-sm-4 col-padding col-md-3 \"> <a data-cp-link=\"1\" href=\"https:\/\/constructiiecologice.ro\/materiale\/2023\/08\/15\/termoizolatii-naturale\" target=\"_self\" rel=\"noopener\"><i  class=\"fa icon shadow-large-black aligncenter color1 fa-institution bordered round large\"><\/i><\/a> <div  data-type=\"column\" class=\"\"><h5  class=\"\">Termoizola\u021bii<\/h5> <p  class=\"\">Caut\u0103 materiale de construc\u021bii naturale care au rol de termoizola\u021bie fie pentru podea, pere\u021bi sau acoperi\u0219<\/p><a class=\"link\" href=\"https:\/\/constructiiecologice.ro\/materiale\/2023\/08\/15\/termoizolatii-naturale\" target=\"_self\" data-cp-link=\"1\" rel=\"noopener\">Caut\u0103 AICI<\/a><\/div> <\/div> <div  class=\"col-xs-12 col-sm-4 col-padding col-md-3 \"> <a data-cp-link=\"1\" href=\"https:\/\/constructiiecologice.ro\/materiale\/2023\/08\/15\/materiale-naturale-pentru-finisaje\" target=\"_self\" rel=\"noopener\"><i  class=\"fa icon shadow-large-black aligncenter color1 fa-bathtub bordered round large\"><\/i><\/a> <div  data-type=\"column\" class=\"\"><h5  class=\"\">Finis\u0103ri<\/h5> <p  class=\"\">Caut\u0103 materiale de construc\u021bii ecologice, naturale utile pentru finisarea casei : podea, pere\u021bi, acoperi\u0219<\/p><a class=\"link\" href=\"https:\/\/constructiiecologice.ro\/materiale\/2023\/08\/15\/materiale-naturale-pentru-finisaje\" target=\"_self\" data-cp-link=\"1\" rel=\"noopener\">Caut\u0103 AICI<\/a><\/div> <\/div><div  class=\"col-xs-12 col-sm-4 col-padding col-md-3 \"> <a data-cp-link=\"1\" href=\"https:\/\/constructiiecologice.ro\/materiale\/inchiriaza-scule\" target=\"_self\" rel=\"noopener\"><i  class=\"fa icon shadow-large-black aligncenter color1 fa-wrench bordered round large\"><\/i><\/a> <div  data-type=\"column\" class=\"\"> <h5  class=\"\">\u00cenchirieaz\u0103 scule<\/h5> <p  class=\"\">\u00cenchireaz\u0103 scule specifice construc\u021biilor ecologice, cum ar fi pentru aplicarea Tadelakt-ului, instala\u021bie de tencuit, instala\u021bie pentru \u201elight-straw\u201d, etc<\/p><a class=\"link\" href=\"https:\/\/constructiiecologice.ro\/materiale\/inchiriaza-scule\" target=\"_self\" data-cp-link=\"1\" rel=\"noopener\">Caut\u0103 Aici<\/a><\/div> <\/div><\/div> <\/div><\/div><p  class=\"has-text-align-center\"><\/p><p  class=\"has-text-align-center\"><\/p><p  class=\"has-text-align-center\"><\/p><h2  class=\"wp-block-heading\"><\/h2><div  class=\"wp-block-columns is-layout-flex wp-container-4\">\n<div  class=\"wp-block-column is-layout-flow\"><\/div>\n\n\n\n<div  class=\"wp-block-column is-layout-flow\"><\/div>\n\n\n\n<div  class=\"wp-block-column is-layout-flow\"><\/div>\n<\/div>","protected":false},"excerpt":{"rendered":"<p>Pe categorii Caut\u0103 materiale \u00een func\u021bie de locul din cas\u0103 unde dore\u0219ti s\u0103-l folose\u0219ti : podea, pere\u021bi, acoperi\u0219Caut\u0103 Aici Termoizola\u021bii Caut\u0103 materiale de construc\u021bii naturale care au rol de termoizola\u021bie fie pentru podea, pere\u021bi sau acoperi\u0219Caut\u0103 AICI Finis\u0103ri Caut\u0103 materiale de construc\u021bii ecologice, naturale utile pentru finisarea casei : podea, pere\u021bi, acoperi\u0219Caut\u0103 AICI \u00cenchirieaz\u0103 scule&hellip; <br \/> <a class=\"read-more\" href=\"https:\/\/constructiiecologice.ro\/materiale\/\">Cite\u0219te mai mult<\/a><\/p>\n","protected":false},"author":1,"featured_media":0,"parent":0,"menu_order":0,"comment_status":"closed","ping_status":"closed","template":"page-templates\/homepage.php","meta":{"footnotes":""},"class_list":["post-105","page","type-page","status-publish","hentry"],"_links":{"self":[{"href":"https:\/\/constructiiecologice.ro\/materiale\/wp-json\/wp\/v2\/pages\/105","targetHints":{"allow":["GET"]}}],"collection":[{"href":"https:\/\/constructiiecologice.ro\/materiale\/wp-json\/wp\/v2\/pages"}],"about":[{"href":"https:\/\/constructiiecologice.ro\/materiale\/wp-json\/wp\/v2\/types\/page"}],"author":[{"embeddable":true,"href":"https:\/\/constructiiecologice.ro\/materiale\/wp-json\/wp\/v2\/users\/1"}],"replies":[{"embeddable":true,"href":"https:\/\/constructiiecologice.ro\/materiale\/wp-json\/wp\/v2\/comments?post=105"}],"version-history":[{"count":8,"href":"https:\/\/constructiiecologice.ro\/materiale\/wp-json\/wp\/v2\/pages\/105\/revisions"}],"predecessor-version":[{"id":256,"href":"https:\/\/constructiiecologice.ro\/materiale\/wp-json\/wp\/v2\/pages\/105\/revisions\/256"}],"wp:attachment":[{"href":"https:\/\/constructiiecologice.ro\/materiale\/wp-json\/wp\/v2\/media?parent=105"}],"curies":[{"name":"wp","href":"https:\/\/api.w.org\/{rel}","templated":true}]}}