{"id":31,"date":"2023-07-17T20:31:47","date_gmt":"2023-07-17T18:31:47","guid":{"rendered":"https:\/\/constructiiecologice.ro\/echipa\/?page_id=31"},"modified":"2026-03-29T15:11:24","modified_gmt":"2026-03-29T13:11:24","slug":"contact","status":"publish","type":"page","link":"https:\/\/constructiiecologice.ro\/echipa\/contact\/","title":{"rendered":"Contact"},"content":{"rendered":"\n<p class=\"has-text-align-right\"><em>Pentru noi este important faptul c\u0103 a\u021bi ajuns s\u0103 accesa\u021bi (\u0219i) aceast\u0103 pagin\u0103. Apreciem \u0219i v\u0103 mul\u021bumim. La fel de important este faptul c\u0103 \u00een acest\u0103 lume materialist\u0103, consumerist\u0103 \u00eencerc\u0103m s\u0103 form\u0103m o echip\u0103 profesional\u0103, corect\u0103 care,&nbsp; s\u0103 considere o colaborare echip\u0103-beneficiar nimic altceva dec\u00e2t o \u00eentr-ajutorare benefic\u0103 ambelor p\u0103r\u021bi.&nbsp;<\/em><\/p>\n\n\n\n<p><em><strong>Important :<\/strong><\/em>&nbsp; tocmai din dorin\u021ba de a fi transparen\u021bi, pe site-ul nostru am inclus o pagin\u0103 prin care \u00eencerc\u0103m s\u0103 r\u0103spundem la cea mai frecvent\u0103 \u00eentrebare adresat\u0103 nou\u0103\u2026\u0219i anume pre\u021bul, costurile unei case ecologice. Pe pagina \u201e<a href=\"http:\/\/constructiiecologice.ro\/preturi\/\"><em><strong>PRE\u021aURI<\/strong><\/em><\/a>\u201d am \u00eencercat s\u0103 v\u0103 descriem cam la ce costuri s\u0103 v\u0103 a\u0219tepta\u021bi atunci c\u00e2nd v\u0103 dori\u021bi s\u0103 v\u0103 construi\u021bi o cas\u0103 ecologic\u0103. V\u0103 rug\u0103m insistent s\u0103 citi\u021bi aceste informa\u021bii \u00eenainte de a ne cere o ofert\u0103 de pre\u021b. De asemenea, pentru&nbsp; a primi o ofert\u0103 c\u00e2t mai corect\u0103 \u0219i c\u00e2t mai real\u0103, ar fi important s\u0103 ne oferi\u021bi c\u00e2t mai multe detalii despre viitoarea cas\u0103 (\u00een acest caz, formularul de mai jos v\u0103 poate fi de folos)<\/p>\n\n\n\n<p class=\"has-text-align-right\"><em><strong>E-mail :<\/strong><\/em>&nbsp;contact@constructiiecologice.ro (r\u0103spuns \u00een 48 ore)<\/p>\n\n\n\n<p class=\"has-text-align-right\"><em><strong>Telefon :<\/strong><\/em>\u00a0(+40) 074525653402 ( Luni \u2013 Vineri,\u00a0 10.00 \u2013 18.00 )<\/p>\n\n\n\n<p class=\"has-text-align-right\"><strong><em><a href=\"https:\/\/web.facebook.com\/Construc%C8%9Bii-ecologice-121208911857621\/\" target=\"_blank\" rel=\"noreferrer noopener\">Pagin\u0103 Facebook<\/a><\/em><\/strong><\/p>\n\n\n\n<p><strong>Ne-ar ajuta dac\u0103 a\u021bi completa formularul de mai jos<\/strong><\/p>\n\n\n\n<div id=\"wp-block-themeisle-blocks-form-0a579fd0\" class=\"wp-block-themeisle-blocks-form\" data-option-name=\"abc98070cfb81bf2601535a5c575070ccc38f030_0a579fd0\"><form class=\"otter-form__container\">\n<div id=\"wp-block-themeisle-blocks-form-input-f3394d26\" class=\"wp-block-themeisle-blocks-form-input\"><label for=\"wp-block-themeisle-blocks-form-input-f3394d26-input\" class=\"otter-form-input-label\"><span class=\"otter-form-input-label__label\">Numele \u0219i prenumele<\/span><span class=\"required\">*<\/span><\/label><input type=\"text\" id=\"wp-block-themeisle-blocks-form-input-f3394d26-input\" required class=\"otter-form-input\"\/><\/div>\n\n\n\n<div id=\"wp-block-themeisle-blocks-form-input-07e90f41\" class=\"wp-block-themeisle-blocks-form-input\"><label for=\"wp-block-themeisle-blocks-form-input-07e90f41-input\" class=\"otter-form-input-label\"><span class=\"otter-form-input-label__label\">Email<\/span><span class=\"required\">*<\/span><\/label><input type=\"email\" id=\"wp-block-themeisle-blocks-form-input-07e90f41-input\" required class=\"otter-form-input\"\/><\/div>\n\n\n\n<div id=\"wp-block-themeisle-blocks-form-input-2399b1d5\" class=\"wp-block-themeisle-blocks-form-input\"><label for=\"wp-block-themeisle-blocks-form-input-2399b1d5-input\" class=\"otter-form-input-label\"><span class=\"otter-form-input-label__label\">Telefon<\/span><span class=\"required\">*<\/span><\/label><input type=\"number\" id=\"wp-block-themeisle-blocks-form-input-2399b1d5-input\" required class=\"otter-form-input\"\/><\/div>\n\n\n<div class=\"protection\" aria-hidden=\"true\"><input type=\"hidden\" id=\"wp-block-themeisle-blocks-form-0a579fd0_nonce_field\" name=\"wp-block-themeisle-blocks-form-0a579fd0_nonce_field\" value=\"d3b11d913c\" \/><input type=\"hidden\" name=\"_wp_http_referer\" value=\"\/echipa\/wp-json\/wp\/v2\/pages\/31\" \/><input class=\"o-anti-bot\" type=\"checkbox\"><\/div>\n\n\n<div id=\"wp-block-themeisle-blocks-form-input-e7e8364c\" class=\"wp-block-themeisle-blocks-form-input\"><label for=\"wp-block-themeisle-blocks-form-input-e7e8364c-input\" class=\"otter-form-input-label\"><span class=\"otter-form-input-label__label\">Localitetea \u0219i jude\u021bul \u00een care dori\u021bi s\u0103 construi\u021bi<\/span><\/label><input type=\"text\" id=\"wp-block-themeisle-blocks-form-input-e7e8364c-input\" class=\"otter-form-input\"\/><\/div>\n\n\n\n<div id=\"wp-block-themeisle-blocks-form-input-a7b2a9eb\" class=\"wp-block-themeisle-blocks-form-input\"><label for=\"wp-block-themeisle-blocks-form-input-a7b2a9eb-input\" class=\"otter-form-input-label\"><span class=\"otter-form-input-label__label\">Suprafa\u021ba util\u0103 pe care v-o dori\u021bi<\/span><span class=\"required\">*<\/span><\/label><input type=\"text\" id=\"wp-block-themeisle-blocks-form-input-a7b2a9eb-input\" required class=\"otter-form-input\"\/><\/div>\n\n\n\n<div id=\"wp-block-themeisle-blocks-form-textarea-cf3c0d89\" class=\"wp-block-themeisle-blocks-form-textarea\"><label for=\"wp-block-themeisle-blocks-form-textarea-cf3c0d89-input\" class=\"otter-form-textarea-label\"><span class=\"otter-form-textarea-label__label\">Mesajul dumneavoastr\u0103<\/span><\/label><textarea id=\"wp-block-themeisle-blocks-form-textarea-cf3c0d89-input\" rows=\"10\" class=\"otter-form-textarea-input\"><\/textarea><\/div>\n\n\n\n<p class=\"has-extra-small-font-size\"><\/p>\n<div class=\"wp-block-button\"><button class=\"wp-block-button__link\" type=\"submit\">Submit<\/button><\/div><\/form><\/div>\n","protected":false},"excerpt":{"rendered":"<p>Pentru noi este important faptul c\u0103 a\u021bi ajuns s\u0103 accesa\u021bi (\u0219i) aceast\u0103 pagin\u0103. Apreciem \u0219i v\u0103 mul\u021bumim. La fel de important este faptul c\u0103 \u00een acest\u0103 lume materialist\u0103, consumerist\u0103 \u00eencerc\u0103m &hellip; <\/p>\n","protected":false},"author":1,"featured_media":0,"parent":0,"menu_order":0,"comment_status":"closed","ping_status":"closed","template":"","meta":{"_themeisle_gutenberg_block_has_review":false,"footnotes":""},"class_list":["post-31","page","type-page","status-publish","hentry"],"_links":{"self":[{"href":"https:\/\/constructiiecologice.ro\/echipa\/wp-json\/wp\/v2\/pages\/31","targetHints":{"allow":["GET"]}}],"collection":[{"href":"https:\/\/constructiiecologice.ro\/echipa\/wp-json\/wp\/v2\/pages"}],"about":[{"href":"https:\/\/constructiiecologice.ro\/echipa\/wp-json\/wp\/v2\/types\/page"}],"author":[{"embeddable":true,"href":"https:\/\/constructiiecologice.ro\/echipa\/wp-json\/wp\/v2\/users\/1"}],"replies":[{"embeddable":true,"href":"https:\/\/constructiiecologice.ro\/echipa\/wp-json\/wp\/v2\/comments?post=31"}],"version-history":[{"count":5,"href":"https:\/\/constructiiecologice.ro\/echipa\/wp-json\/wp\/v2\/pages\/31\/revisions"}],"predecessor-version":[{"id":526,"href":"https:\/\/constructiiecologice.ro\/echipa\/wp-json\/wp\/v2\/pages\/31\/revisions\/526"}],"wp:attachment":[{"href":"https:\/\/constructiiecologice.ro\/echipa\/wp-json\/wp\/v2\/media?parent=31"}],"curies":[{"name":"wp","href":"https:\/\/api.w.org\/{rel}","templated":true}]}}