{"id":29,"date":"2023-07-17T20:30:44","date_gmt":"2023-07-17T18:30:44","guid":{"rendered":"https:\/\/constructiiecologice.ro\/echipa\/?page_id=29"},"modified":"2023-07-18T19:03:37","modified_gmt":"2023-07-18T17:03:37","slug":"preturile-echipei","status":"publish","type":"page","link":"https:\/\/constructiiecologice.ro\/echipa\/preturile-echipei\/","title":{"rendered":"Pre\u021burile echipei"},"content":{"rendered":"\n<p><strong>Stima\u021bi vizitatori.<\/strong><\/p>\n\n\n\n<p><em>\u021ainem s\u0103 v\u0103 mul\u021bumim pentru incredrea \u0219i interesul acordat. Odat\u0103 ce a\u021bi accesat aceast\u0103 pagin\u0103, \u00eenseamn\u0103 c\u0103 sunte\u021bi deschi\u0219i spre solu\u021biile ecologice, construc\u021biile din materiale de construc\u021bii naturale. De asemenea, credem c\u0103 dac\u0103 a\u021bi ajuns s\u0103 fi\u021bi\u00a0curio\u0219i de pre\u021burile practicate de echipa noastr\u0103, v-am st\u00e2rnit interesul fa\u021b\u0103 de activitatea noastr\u0103 \u0219i \u00eendr\u0103znim s\u0103 credem c\u0103 v-a \u0219i pl\u0103cut ceea ce a\u021bi v\u0103zut pe pagina\u00a0<strong><a href=\"https:\/\/constructiiecologice.ro\/echipa\/portofoliu\/\" data-type=\"page\" data-id=\"25\">\u201ePortofoliu\u201d<\/a><\/strong>\u00a0a site-ului nostru.<\/em><\/p>\n\n\n\n<p><em><strong>\u00cenainte de a vedea o list\u0103 de pre\u021buri, dorim s\u0103 punct\u0103m c\u00e2teva aspecte ale politicii echipei nostre :&nbsp;<\/strong><\/em><\/p>\n\n\n\n<p><strong>1.<\/strong>&nbsp;Nu suntem si nici nu ne dorim s\u0103 fim o companie foarte mare cu foarte mul\u021bi angajati (minimum 4, maximum 10). Scopul nostru este s\u0103 tr\u0103im decent din aceast\u0103 munc\u0103, nu s\u0103 facem avere. \u00centodeauna st\u0103m \u201el\u00e2ng\u0103\u201d (posibil) client \u0219i nu \u201efa\u021b\u0103-n fa\u021b\u0103\u201d! \u00cecerc\u0103m s\u0103 ajut\u0103m, s\u0103 ne ajut\u0103m reciproc. Tocmai de aceea c\u0103ut\u0103m, oferim cele mai ecologice solu\u021bii posibile, \u00een func\u021bie de teren, client \u0219i proiectul acestuia.<\/p>\n\n\n\n<p><strong>2.<\/strong>&nbsp;Nu avem si nu ne dorim mai mult de dou\u0103&nbsp;lucr\u0103ri&nbsp; (santiere) deschise deodat\u0103 \u0219i chiar \u00een cazul a dou\u0103&nbsp;\u0219antiere paralele prefer\u0103m sa fie foarte aproape una de cealalt\u0103.<\/p>\n\n\n\n<p><strong>3.&nbsp;<\/strong>Suntem interesa\u021bi doar de proiecte familiale. Nu ne implic\u0103m la nivel industrial, nu ne intereseaz\u0103 afacerile. Nu ne dorim promovare, nu vrem sa promovam (aviz celor care ne scriu in aceasta privinta)<\/p>\n\n\n\n<p><strong>4.&nbsp;<\/strong>Nu avem proiecte gata f\u0103cute&nbsp;(sabloane), din acest motiv nu avem proiecte de v\u00e2nzare. Consider\u0103m c\u0103 fiecare cas\u0103 trebuie \u201ecroit\u0103\u201d pe m\u0103sura beneficiarului, \u00een func\u021bie de preten\u021bii \u0219i de condi\u021biile date de terenul pe care se va construi casa. Pentru proiecte putem s\u0103 v\u0103 recomand\u0103m arhitec\u021bi cu experien\u021b\u0103 \u00een acest domeniu.<\/p>\n\n\n\n<p><strong>5.<\/strong>\u00a0Preturile echipei sunt afisate doar pe manopera.\u00a0Birocratia (autorizatii, etc. nu vor intra in obligatiile noastre)\u00a0Construim case de la\u00a0A\u00a0la\u00a0Z, dar \u00eencerc\u0103m s\u0103 muncim c\u00e2t de mult se poate cu materiale de construc\u021bii locale,\u00a0(paie, pamant, lut, lemn, stuf, piatr\u0103, etc). Aceste materiale nu sunt prefabricate, deci nu au un pret fix, nu putem s\u0103 includem \u00een ofert\u0103. De fapt sunt materiale cu care se pot economisii bani in timpul constructiei, dar si dup\u0103. Ca s\u0103 v\u0103 da\u021bi seama cam la ce pre\u021buri-costuri ajunge\u021bi cu construc\u021bia unei case ecologice, v\u0103 rug\u0103m s\u0103 accesa\u021bi pagina\u00a0<em><strong>\u201e<a href=\"https:\/\/constructiiecologice.ro\/echipa\/preturi\/\" data-type=\"page\" data-id=\"27\">Preturi-Costuri<\/a>\u201d<\/strong><\/em>\u00a0de pe site-ul nostru.<\/p>\n\n\n\n<p><strong>6.<\/strong>&nbsp;Nu efectu\u0103m lucr\u0103ri cu materiale de construc\u021bii care polueaz\u0103 mediul \u00eenconjur\u0103tor, s\u0103n\u0103tatea noastr\u0103 sau a viitorilor beneficiar.&nbsp;\u00cencerc\u0103m s\u0103 reducem c\u00e2t se poate de mult, chiar \u0219i cantitatea de beton (acolo unde se poate). Prefer\u0103m \u0219i recomand\u0103m materiale de construc\u021bii naturale, locale.<\/p>\n\n\n\n<p><strong>7.<\/strong>&nbsp;Dac\u0103 lu\u0103m \u00een calcul o cas\u0103 de 100 mp,&nbsp;durata de execu\u021bie poate fi&nbsp;\u00eentre 4 \u0219i 6 luni. Lucr\u0103rile de exterior se pot executa doar \u00een perioada Aprilie-Septembrie!<\/p>\n\n\n\n<p><strong>8.<\/strong>&nbsp;Nu producem \u0219i nu vindem materiale de construc\u021bii!&nbsp;Noi doar le recomand\u0103m sau\/\u0219i le aplic\u0103m!<\/p>\n\n\n\n<p>\u00cenainte de a alege implicarea unei echipe \u00een construirea propriei case, recomand\u0103m \u0219\u0103 cite\u0219ti&nbsp;<a href=\"https:\/\/casenaturale.ro\/blog\/2023\/03\/05\/cum-poti-sa-ai-o-casa-naturala-ieftina\/\"><strong>de ce pl\u0103tim mul\u021bi bani pe o cas\u0103 \u0219i cum pute\u021bi reduce cheltuielile.<\/strong><\/a><\/p>\n\n\n\n<h4 class=\"wp-block-heading\"><em><strong>Iat\u0103, o list\u0103 cu pre\u021burile echipei \u0219i\/sau a unor me\u0219teri din echip\u0103 :<\/strong><\/em><\/h4>\n\n\n\n<p>\u00a0 \u00a0 \u00a0 \u00a0<strong>1.<\/strong>\u00a0<em><strong>\u2013\u00a0Construirea caselor de la A la Z (la cheie)<\/strong><\/em>\u00a0\u2013\u00a0<strong>230 \u2013 280 euro\/mp<\/strong>.\u00a0Diferenta de pret este dat\u0103 de teren (locatie), dificultatea proiectului, pretentiile clientului.Se economiseste mult daca se apeleaza la solutii naturale, locale! In acest\u00a0pret nu sunt incluse finisajele din bai si bucatarii (faianta, gresie, tadelakt, podea din felii de lemn, etc), sobele, semineele si uele finisaje \u201ede lux\u201d, speciale (tadelakt, stucco, parchet special, tencuili speciale, etc). Probabil sunt pre\u021buri mai mari fa\u021b\u0103 de mul\u021bi constructori, echipe (de case conventionale), \u00eens\u0103 \u00een final, rezultatul este o cas\u0103 ecologic\u0103 (s\u0103n\u0103toas\u0103, prietenoas\u0103 cu mediul \u00eenconjur\u0103tor, eficient\u0103 \u0219i economic\u0103), \u201ecroite\u201d special pe m\u0103sura beneficiarilor.\u00a0<em><strong>Din experient\u0103, putem spune c\u0103\u00a0avem o medie de 350-400 euro\/mp\u00a0la casele construite de echipa noastr\u0103 cu pretul materialelor incluse<\/strong><\/em><\/p>\n\n\n\n<p>\u00a0 \u00a0 \u00a0 \u00a0 \u00a0 \u00a0<strong>2.\u00a0<em>\u2013\u00a0 Aplicare sisteme de termoizola\u021bii exterioare<\/em><\/strong>\u00a0(pl\u0103ci din\u00a0c\u00e2nep\u0103, l\u00e2n\u0103 de oaie, fibr\u0103 de lemn, stuf) \u2013\u00a0<strong>de la 20 euro\/mp<\/strong>.\u00a0In acest pret nu este inclusa inchirierea schelelor metalice (daca este nevoie, clientul va achita)<\/p>\n\n\n\n<p>\u00a0 \u00a0 \u00a0 \u00a0 \u00a0 \u00a0<strong>3.<\/strong>\u00a0\u00a0<em><strong>\u2013 Aplicare tencuieli ecologice (lut, var)<\/strong><\/em>\u00a0\u2013\u00a0<strong>de la 10 euro\/mp<\/strong>.\u00a0\u00a0In acest pret nu este inclusa inchirierea schelelor metalice (daca este nevoie, clientul va achita)<\/p>\n\n\n\n<p>\u00a0 \u00a0 \u00a0 \u00a0 \u00a0 \u00a0<strong>4.<\/strong>\u00a0<em><strong>\u2013 Aplicare Tadelakt<\/strong><\/em>\u00a0\u2013\u00a0<strong>de la 35 euro\/mp<\/strong>\u00a0(ne deplas\u0103m \u00een tar\u0103\u00a0de la minimum 20 mp)<\/p>\n\n\n\n<p>&nbsp; &nbsp; &nbsp; &nbsp; &nbsp; &nbsp;<strong>5.<\/strong>&nbsp;<em><strong>\u2013 Consultan\u021b\u0103<\/strong><\/em>&nbsp;(construc\u021bii, permacultur\u0103, iazuri naturale, finis\u0103ri, termoizola\u021bii, \u201eoff the grid\u201d, etc) \u2013&nbsp;<strong>3500&nbsp;<\/strong><strong>lei\/consultan\u021b\u0103<\/strong>&nbsp;(o activitate care poate s\u0103 v\u0103&nbsp;ajute&nbsp;s\u0103 economisi\u021bi chiar mii de euro, at\u00e2t \u00een timpul construc\u021biei c\u00e2t \u0219i dup\u0103 ce v\u0103 muta\u021bi).&nbsp;Cei 3500 lei se pl\u0103tesc \u00een avans (pentru care primi\u021bi toate informa\u021biile de care aveti nevoie in vederea construirii unei case ecologice.&nbsp;&nbsp;Pentru a vi se ar\u0103ta partea practic\u0103, fiecare deplasare pe santier se plateste separat : deplasare+ziua de lucru (ziua de lucru iseamna 230 lei\/persoana\/zi iar costul combustibilului se calculeaz\u0103 dus-intors din Sovata, Mures \u0219i anume un consum de 7%). Pentru a reduce la maximum num\u0103rul deplas\u0103rilor (si a cheltuielilor), recomand\u0103m s\u0103 ave\u021bi pe \u0219antier cel putin o persoan\u0103 cu experien\u021b\u0103 \u00een domeniul construc\u021biilor \u0219i cu deschidere spre construc\u021biile ecologice.&nbsp;<a href=\"http:\/\/colibaverde.ro\/constructii-ecologice\/consultanta-case-ecologice\/\" target=\"_blank\" rel=\"noreferrer noopener\"><strong>Aici<\/strong><\/a>&nbsp;pute\u021bi citi exact cu ce v\u0103 putem ajuta!<\/p>\n","protected":false},"excerpt":{"rendered":"<p>Stima\u021bi vizitatori. \u021ainem s\u0103 v\u0103 mul\u021bumim pentru incredrea \u0219i interesul acordat. Odat\u0103 ce a\u021bi accesat aceast\u0103 pagin\u0103, \u00eenseamn\u0103 c\u0103 sunte\u021bi deschi\u0219i spre solu\u021biile ecologice, construc\u021biile din materiale de construc\u021bii naturale. &hellip; <\/p>\n","protected":false},"author":1,"featured_media":0,"parent":0,"menu_order":0,"comment_status":"closed","ping_status":"closed","template":"","meta":{"_themeisle_gutenberg_block_has_review":false,"footnotes":""},"class_list":["post-29","page","type-page","status-publish","hentry"],"_links":{"self":[{"href":"https:\/\/constructiiecologice.ro\/echipa\/wp-json\/wp\/v2\/pages\/29","targetHints":{"allow":["GET"]}}],"collection":[{"href":"https:\/\/constructiiecologice.ro\/echipa\/wp-json\/wp\/v2\/pages"}],"about":[{"href":"https:\/\/constructiiecologice.ro\/echipa\/wp-json\/wp\/v2\/types\/page"}],"author":[{"embeddable":true,"href":"https:\/\/constructiiecologice.ro\/echipa\/wp-json\/wp\/v2\/users\/1"}],"replies":[{"embeddable":true,"href":"https:\/\/constructiiecologice.ro\/echipa\/wp-json\/wp\/v2\/comments?post=29"}],"version-history":[{"count":2,"href":"https:\/\/constructiiecologice.ro\/echipa\/wp-json\/wp\/v2\/pages\/29\/revisions"}],"predecessor-version":[{"id":55,"href":"https:\/\/constructiiecologice.ro\/echipa\/wp-json\/wp\/v2\/pages\/29\/revisions\/55"}],"wp:attachment":[{"href":"https:\/\/constructiiecologice.ro\/echipa\/wp-json\/wp\/v2\/media?parent=29"}],"curies":[{"name":"wp","href":"https:\/\/api.w.org\/{rel}","templated":true}]}}