{"id":27,"date":"2023-07-17T20:29:37","date_gmt":"2023-07-17T18:29:37","guid":{"rendered":"https:\/\/constructiiecologice.ro\/echipa\/?page_id=27"},"modified":"2026-03-29T15:07:37","modified_gmt":"2026-03-29T13:07:37","slug":"preturi","status":"publish","type":"page","link":"https:\/\/constructiiecologice.ro\/echipa\/preturi\/","title":{"rendered":"Pre\u021buri"},"content":{"rendered":"\n<h2 class=\"wp-block-heading\">Pre\u021buri<\/h2>\n\n\n\n<p class=\"has-text-align-right\"><strong>Majoritatea celor care doresc s\u0103-\u0219i construiasc\u0103 case naturale,sau s\u0103 renoveze cu materiale naturale, \u00een primul r\u00e2nd se intereseaz\u0103 de&nbsp;preturi&nbsp;si&nbsp;costuri.<\/strong><\/p>\n\n\n\n<p class=\"has-text-align-center\">\u00cen cazul construc\u021biilor ecologice, pre\u021bul&nbsp; poate varia foarte mult \u00een func\u021bie de loca\u021bia \u0219i \u201ddot\u0103rile\u201d terenului, preten\u021biile dumneavoastr\u0103, tehnica aleas\u0103 \u0219i deschiderea spre solu\u021biile alternative \u0219i nu \u00een ultimul r\u00e2nd, implicarea celor care o vor locui.<\/p>\n\n\n<div class=\"wp-block-image\">\n<figure class=\"alignleft size-full\"><img fetchpriority=\"high\" decoding=\"async\" width=\"275\" height=\"183\" src=\"https:\/\/constructiiecologice.ro\/echipa\/wp-content\/uploads\/sites\/7\/2023\/07\/preturi-case.jpg\" alt=\"\" class=\"wp-image-52\"\/><\/figure>\n<\/div>\n\n\n<p>Subiectul costurilor, al pre\u021bului\/metru p\u0103trat, la ro\u0219u sau la cheie, este un subiect destul de discutabil. Una dintre principalele motive, este faptul c\u0103, \u00een cazul construc\u021biilor ecologice se lucreaz\u0103 cu materiale (\u0219i solu\u021bii) naturale locale \u0219i nu cu materiale standard, prefabricate. Astfel nu se poate face un calcul exact, \u0219i s\u0103 se ob\u021bin\u0103 un pre\u021b exact pe metru p\u0103trat. Este vorba de case foarte personalizate, case cu mult\u0103 munc\u0103 manual\u0103, o munc\u0103 care, c\u00e2teodat\u0103 trece de la nivelul unui me\u0219ter la nivelul unui artist (de exemplu aplicarea&nbsp;<a rel=\"noreferrer noopener\" href=\"http:\/\/colibaverde.ro\/blog\/video-ce-este-tadelakt\/\" target=\"_blank\"><strong>Tadelakt<\/strong><\/a>-ului).<\/p>\n\n\n\n<p class=\"has-text-align-right\"><strong><a href=\"https:\/\/constructiiecologice.ro\/echipa\/portofoliu\/\" data-type=\"page\" data-id=\"25\">V\u0103 recomand\u0103m s\u0103 vizita\u021bi pagina cu lucr\u0103rile noastre<\/a><\/strong><\/p>\n\n\n\n<h3 class=\"wp-block-heading has-text-align-left\">Pre\u021burile echipei de construc\u021bii case ecologice : <\/h3>\n\n\n\n<p class=\"has-text-align-center\"><strong>De cele mai multe ori oferim pre\u021buri doar pentru manoper\u0103.<\/strong> A\u0219a cum am descris \u0219i mai sus, materialele ar trebui s\u0103 fie locale, din resurse naturale locale, ceea ce ar trebui s\u0103 ajute \u00een final ca beneficiarul s\u0103 ob\u021bin\u0103 totu\u0219i o cas\u0103 bun\u0103, mai ieftin\u0103, construit\u0103 de oameni cu experien\u021b\u0103.<\/p>\n\n\n\n<p class=\"has-text-align-center\"> \u00cens\u0103, odat\u0103 cu apari\u021bia unor materiale naturale prefabricate, adapt\u00e2ndu-ne la a\u0219tept\u0103rile viitorilor beneficiari, avm inclus \u00een oferta noastr\u0103 \u0219i pre\u021buri pentru case \u201ela cheie\u201d. <strong>Iat\u0103 ofertele noastre : <\/strong><\/p>\n\n\n\n<ol class=\"wp-block-list\">\n<li><strong>Pre\u021buri doar pe manoper\u0103. Actualizate pentru anul 2026. Nu con\u021bin taxele : <\/strong>\n<ul class=\"wp-block-list\">\n<li><strong>cas\u0103 din lut sau paie<\/strong> (diferite tehnici) la faza de <strong>\u201ero\u0219u\u201d<\/strong> (funda\u021bie-pere\u021bi-acoperi\u0219) &#8211; <strong>250 euro\/mp<\/strong><\/li>\n\n\n\n<li><strong>cas\u0103 din lut sau paie<\/strong> (diferite tehnici) la faza de <strong>\u201egri\u201d<\/strong> ( + geamuri montate, termoizolatii si tencuilei aplicate, totul pregatit pentru finisaje) &#8211; <strong>300 euro\/mp<\/strong><\/li>\n\n\n\n<li><strong>cas\u0103 din lut sau paie<\/strong> (diferite tehnici) la faza de <strong>\u201ela cheie\u201d<\/strong> (+ podeaua montat\u0103, zugr\u0103vt\u0103 \u0219i finisate zonele umede) &#8211; <strong>350 euro\/mp<\/strong> Aten\u021bie! Acest pre\u021b nu include :proiectare\/avize, instala\u021bii sanitare \u0219i electrice, mobilier, sc\u0103ri, acoperi\u0219 din stuf sau amenaj\u0103ri exterioare. Poate include o teras\u0103, o prisp\u0103. <\/li>\n\n\n\n<li><strong>aplicare tencuieli<\/strong> (var sau lut) : de la <strong>15 euro\/mp<\/strong><\/li>\n\n\n\n<li><strong>aplicare diferite sisteme de termoizola\u021bii<\/strong> naturale pe fa\u021bade, cu finisaj inclus (tencuieli naturale) : de la <strong>60 euro\/mp<\/strong><\/li>\n\n\n\n<li><strong>funda\u021bie de piatr\u0103 cu mortar de var<\/strong> (40 -60 cm grosime, minimum 40 cm \u00een\u0103l\u021bime) : <strong>de la 80 euro\/ml<\/strong><\/li>\n\n\n\n<li><strong>aplicare TADELAKT<\/strong> : <strong>de la 35 euro\/mp<\/strong><\/li>\n<\/ul>\n<\/li>\n<\/ol>\n\n\n\n<p><strong>2.Pre\u021buri care includ at\u00e2t manopera c\u00e2t \u0219i materialele : <\/strong><\/p>\n\n\n\n<ul class=\"wp-block-list\">\n<li>case din lut sau paie (diferite tehnici) la cheie &#8211; de la 700 euro\/mp construit. <strong>Pe l\u00e2ng\u0103 manoper\u0103, acest pre\u021b include :<\/strong> funda\u021bie din beton (perimetral\u0103 sau pe piloni ) sau de piatr\u0103 (perimetral\u0103 \u0219i doar dac\u0103 este acces la piatr\u0103 in zona \u00een care se construie\u0219te), pere\u021bi din lut (\u201esaci umplu\u021bi cu p\u0103m\u00e2nt\u201d) sau paie (balo\u021bi de paie sau panouri de paie), tencuieli naturale (var \u0219i lut), acoperi\u0219 tradi\u021bional (\u0219indril\u0103 sau \u021bigl\u0103 ceramic\u0103), pere\u021bi desp\u0103r\u021bitori din lut \u0219i paie, podea de lut sau du\u0219umea cu termoizola\u021bie din sticl\u0103 celular\u0103 sau perlit, termoizolarea acoperi\u0219ului cu pl\u0103ci de paie, celuloz\u0103 sau saltele de l\u00e2n\u0103 de oaie, zugr\u0103veal\u0103 cu vopsea de var \u0219i geamuri termopan din plastic care imit\u0103 lemnul. <strong>Pre\u021bul nu include<\/strong> instala\u021bia electric\u0103 \u0219i sanitar\u0103, proiectarea \u0219i ob\u021binerea avizelor (dar putem s\u0103 v\u0103 recomand\u0103m arhitect) \u0219i unele finis\u0103ri \u201ede lux\u201d, cum ar fi Tadelakt, tencuieli decorative speciale, faian\u021b\u0103 tip mozaic, etc&#8230;acestea se vor calcula separat. <a href=\"https:\/\/colibaverde.ro\/constructii-ecologice\/consultanta-case-ecologice\/\" data-type=\"link\" data-id=\"https:\/\/colibaverde.ro\/constructii-ecologice\/consultanta-case-ecologice\/\"><strong>Pentru a alege corect materialele si solu\u021biile v\u0103 recomand\u0103m un consultant cu vast\u0103 experien\u021b\u0103 \u00een domeniu!<\/strong> <\/a><\/li>\n<\/ul>\n\n\n\n<p class=\"has-text-align-center\">Dac\u0103 v-am c\u00e2\u0219tigat \u00eencrederea, ofertele noastre sunt acceptabile din punctul dumneavoastr\u0103 de vedere \u0219i sunte\u021bi hot\u0103r\u00e2t(\u0103), v\u0103 rug\u0103m s\u0103 ne contacta\u021bi la adresa de e-mail <strong>contact@constructiiecologice.ro<\/strong> sau s\u0103 ne suna\u021bi la num\u0103rul de telefon <strong>+40748355788 <\/strong>(Luni &#8211; Vineri \u00eentre orele 10.00-18.00)<\/p>\n\n\n\n<p><\/p>\n","protected":false},"excerpt":{"rendered":"<p>Pre\u021buri Majoritatea celor care doresc s\u0103-\u0219i construiasc\u0103 case naturale,sau s\u0103 renoveze cu materiale naturale, \u00een primul r\u00e2nd se intereseaz\u0103 de&nbsp;preturi&nbsp;si&nbsp;costuri. \u00cen cazul construc\u021biilor ecologice, pre\u021bul&nbsp; poate varia foarte mult \u00een &hellip; <\/p>\n","protected":false},"author":1,"featured_media":52,"parent":0,"menu_order":0,"comment_status":"closed","ping_status":"closed","template":"","meta":{"_themeisle_gutenberg_block_has_review":false,"footnotes":""},"class_list":["post-27","page","type-page","status-publish","has-post-thumbnail","hentry"],"_links":{"self":[{"href":"https:\/\/constructiiecologice.ro\/echipa\/wp-json\/wp\/v2\/pages\/27","targetHints":{"allow":["GET"]}}],"collection":[{"href":"https:\/\/constructiiecologice.ro\/echipa\/wp-json\/wp\/v2\/pages"}],"about":[{"href":"https:\/\/constructiiecologice.ro\/echipa\/wp-json\/wp\/v2\/types\/page"}],"author":[{"embeddable":true,"href":"https:\/\/constructiiecologice.ro\/echipa\/wp-json\/wp\/v2\/users\/1"}],"replies":[{"embeddable":true,"href":"https:\/\/constructiiecologice.ro\/echipa\/wp-json\/wp\/v2\/comments?post=27"}],"version-history":[{"count":5,"href":"https:\/\/constructiiecologice.ro\/echipa\/wp-json\/wp\/v2\/pages\/27\/revisions"}],"predecessor-version":[{"id":525,"href":"https:\/\/constructiiecologice.ro\/echipa\/wp-json\/wp\/v2\/pages\/27\/revisions\/525"}],"wp:featuredmedia":[{"embeddable":true,"href":"https:\/\/constructiiecologice.ro\/echipa\/wp-json\/wp\/v2\/media\/52"}],"wp:attachment":[{"href":"https:\/\/constructiiecologice.ro\/echipa\/wp-json\/wp\/v2\/media?parent=27"}],"curies":[{"name":"wp","href":"https:\/\/api.w.org\/{rel}","templated":true}]}}