{"id":23,"date":"2023-07-17T20:27:11","date_gmt":"2023-07-17T18:27:11","guid":{"rendered":"https:\/\/constructiiecologice.ro\/echipa\/?page_id=23"},"modified":"2023-07-18T19:16:27","modified_gmt":"2023-07-18T17:16:27","slug":"servicii","status":"publish","type":"page","link":"https:\/\/constructiiecologice.ro\/echipa\/servicii\/","title":{"rendered":"Servicii"},"content":{"rendered":"\n<p><em>Activitatea noastr\u0103 principal\u0103 se bazeaz\u0103 pe construirea caselor&nbsp;naturale, ecologice dar, datorit\u0103 colabor\u0103rii cu arhitec\u021bi specializa\u021bi pe construc\u021biile verzi, \u0219i cu diferiti furnizori de materiale de constructii naturale, putem s\u0103 v\u0103 oferim solu\u021bii complete pentru construirea unei case ecologice, naturale, 100% s\u0103n\u0103toase.<\/em><\/p>\n\n\n\n<h4 class=\"wp-block-heading\"><em>Construc\u021bii case ecologice<\/em><\/h4>\n\n\n\n<ul class=\"wp-block-list\">\n<li>Construim case ecologice cu diferite tehnici : case din balo\u021bi de paie, case din chirpici, case din p\u0103m\u00e2nt (cob, saci umpluti, chirpici sau p\u0103m\u00e2nt b\u0103t\u0103torit). Deasemenea suntem primii din \u021bar\u0103 care am lucrat cu tehnica cordwood (butuci de lemn cu lungime maxim\u0103 de 40 cm)<\/li>\n\n\n\n<li>Prin colaborarea noastr\u0103 cu arhitec\u021bi specializa\u021bi \u00een domeniul ecologic, asigur\u0103m (recomand\u0103m) servicii de proiectare.<\/li>\n<\/ul>\n\n\n\n<h4 class=\"wp-block-heading\"><em><strong>Lucr\u0103ri de renovare, restaurare cu materiale naturale<\/strong><\/em><\/h4>\n\n\n\n<p><em>Avem cursuri de specializare la unii produc\u0103tori de tencuieli, vopsele, uleiuri ecologice din Germania!<\/em><\/p>\n\n\n\n<ul class=\"wp-block-list\">\n<li>Efectu\u0103m lucr\u0103ri de renovare, restaurare case vechi, tradi\u021bional, oferind \u00eentodeauna solu\u021bii sustenabile, ecologice.<\/li>\n\n\n\n<li>Avem diferite solu\u021bii ecologice pentru a finisa interioarele unei case ecologice<\/li>\n\n\n\n<li>Aplic\u0103m tadelakt<\/li>\n\n\n\n<li>Lucr\u0103m cu tencuieli \u0219i vopsele pe baz\u0103 de var sau argil\u0103, trat\u0103m lemnul cu ulei de in si ceara de albine, realiz\u0103m podele din lemn sau p\u0103m\u00e2nt, pav\u0103m cu c\u0103r\u0103mid\u0103 sau felii de lemn<\/li>\n\n\n\n<li>Instalatii sanitare si electrice special pentru casele din baloti de paie dar si alte tipuri de constructii ecologice<\/li>\n\n\n\n<li>Construim diferite tipuri sobe (cu mas\u0103 termic\u0103, rachet\u0103, teracot\u0103, etc\u2026<\/li>\n<\/ul>\n\n\n\n<h4 class=\"wp-block-heading\"><em>Termoizol\u0103ri profesionale cu solu\u021bii ecologice<\/em><\/h4>\n\n\n\n<ul class=\"wp-block-list\">\n<li>\u00cen urma unor cursuri de specializare practice \u0219i teoretice, direct la diferiti produc\u0103tori, oferim servicii de reabilitare termic\u0103 cu sisteme profesionale cum ar fi saltele de l\u00e2n\u0103 sau c\u00e2nep\u0103, sau pl\u0103ci din fibr\u0103 de lemn sau din stuf<\/li>\n\n\n\n<li>Deasemenea avem solutii de termoizolare cu materiale locale, resurse naturale, cum ar fi l\u00e2na (ob\u021binut\u0103 din surse autohtone), paie (termoizolarea peretilor cu baloti de paie) sau rumegu\u0219 \u0219i alte resurse naturale (perlit)<\/li>\n<\/ul>\n\n\n\n<h4 class=\"wp-block-heading\"><em><strong>Consultan\u021b\u0103<\/strong><\/em><\/h4>\n\n\n\n<ul class=\"wp-block-list\">\n<li>Cel mai ieftin mod de a construi o cas\u0103 este s\u0103 folose\u0219ti resurse naturale, locale \u0219i s\u0103 te implici la maximum \u00een construirea propriei case.<\/li>\n\n\n\n<li>un consultant bun v\u0103 poate ajuta foarte mult inclusiv \u00een economisirea banilor, recomand\u00e2nd solu\u021bii alternative, ieftine prin utilizarea la maxim (\u00een condi\u021bii optime) a resurselor naturale\u201d.<\/li>\n<\/ul>\n\n\n\n<h4 class=\"wp-block-heading\"><em><strong>Seminarii, workshop-uri (ateliere)<\/strong><\/em><\/h4>\n\n\n\n<ul class=\"wp-block-list\">\n<li>Organiz\u0103m evenimente cu ajutorul c\u0103rora \u00eencerc\u0103m s\u0103 venim \u00een ajutorul acelor persoane care doresc s\u0103 \u00eenve\u021be ce \u00eenseamn\u0103 s\u0103 construie\u0219ti cu materiale naturale.<\/li>\n\n\n\n<li>Iarna, organiz\u0103m seminarii unde predomin\u0103 discutiile si \u00eent\u00e2lnirile cu oameni care rezoneaz\u0103, g\u00e2ndesc la fel, vara, la diferite \u0219antiere deschidem por\u021bile c\u00e2te 5 zile pentru a permite celor interesa\u021bi s\u0103 experimenteze al\u0103turi de speciali\u0219ti lucrul propriul zis, fizic, cu aceste materiale.<\/li>\n\n\n\n<li>Toate evenimentele de acest fel sunt anun\u021bate din timp pe site-ul nostru, dar \u0219i pe alte site-uri de specialitate<\/li>\n<\/ul>\n","protected":false},"excerpt":{"rendered":"<p>Activitatea noastr\u0103 principal\u0103 se bazeaz\u0103 pe construirea caselor&nbsp;naturale, ecologice dar, datorit\u0103 colabor\u0103rii cu arhitec\u021bi specializa\u021bi pe construc\u021biile verzi, \u0219i cu diferiti furnizori de materiale de constructii naturale, putem s\u0103 v\u0103 &hellip; <\/p>\n","protected":false},"author":1,"featured_media":48,"parent":0,"menu_order":0,"comment_status":"closed","ping_status":"closed","template":"","meta":{"_themeisle_gutenberg_block_has_review":false,"footnotes":""},"class_list":["post-23","page","type-page","status-publish","has-post-thumbnail","hentry"],"_links":{"self":[{"href":"https:\/\/constructiiecologice.ro\/echipa\/wp-json\/wp\/v2\/pages\/23","targetHints":{"allow":["GET"]}}],"collection":[{"href":"https:\/\/constructiiecologice.ro\/echipa\/wp-json\/wp\/v2\/pages"}],"about":[{"href":"https:\/\/constructiiecologice.ro\/echipa\/wp-json\/wp\/v2\/types\/page"}],"author":[{"embeddable":true,"href":"https:\/\/constructiiecologice.ro\/echipa\/wp-json\/wp\/v2\/users\/1"}],"replies":[{"embeddable":true,"href":"https:\/\/constructiiecologice.ro\/echipa\/wp-json\/wp\/v2\/comments?post=23"}],"version-history":[{"count":3,"href":"https:\/\/constructiiecologice.ro\/echipa\/wp-json\/wp\/v2\/pages\/23\/revisions"}],"predecessor-version":[{"id":59,"href":"https:\/\/constructiiecologice.ro\/echipa\/wp-json\/wp\/v2\/pages\/23\/revisions\/59"}],"wp:featuredmedia":[{"embeddable":true,"href":"https:\/\/constructiiecologice.ro\/echipa\/wp-json\/wp\/v2\/media\/48"}],"wp:attachment":[{"href":"https:\/\/constructiiecologice.ro\/echipa\/wp-json\/wp\/v2\/media?parent=23"}],"curies":[{"name":"wp","href":"https:\/\/api.w.org\/{rel}","templated":true}]}}