{"id":20,"date":"2023-07-17T20:25:03","date_gmt":"2023-07-17T18:25:03","guid":{"rendered":"https:\/\/constructiiecologice.ro\/echipa\/?page_id=20"},"modified":"2023-07-18T18:36:28","modified_gmt":"2023-07-18T16:36:28","slug":"despre-echipa","status":"publish","type":"page","link":"https:\/\/constructiiecologice.ro\/echipa\/despre-echipa\/","title":{"rendered":"Despre echip\u0103"},"content":{"rendered":"\n<h5 class=\"wp-block-heading has-text-align-center\"><strong><em>Pentru noi, important este faptul c\u0103 \u00een acest\u0103 lume materialist\u0103, consumerist\u0103 \u00eencerc\u0103m s\u0103 form\u0103m o echip\u0103 profesional\u0103, corect\u0103 care,&nbsp; s\u0103 considere o colaborare echip\u0103-beneficiar nimic altceva dec\u00e2t o \u00eentr-ajutorare benefic\u0103 ambelor p\u0103r\u021bi.<\/em><\/strong><\/h5>\n\n\n\n<p class=\"has-text-align-center\"><em>Echipa noastr\u0103 exist\u0103 \u00eenc\u0103 de la \u00eenceputurile anilor 2000, dar sub alt nume \u0219i alte viziuni. Din anul 2011, cunosc\u00e2nd metodele de construc\u021bie tradi\u021bionale, ecologice ne-am dat seama c\u0103 este calea pe care dorim, care trebuie s\u0103 o urm\u0103m. De atunci am participat la diferite cursuri de calificare, cursuri practice \u0219i teoretice la diferite companii produc\u0103toare de materiale de construc\u021bii&nbsp;naturale, ecologice&nbsp;\u0219i am avut primul proiect mai amplu, construirea unei case din baloti de paie, sub indrumarea unui specialist francez.<\/em><\/p>\n\n\n<div class=\"wp-block-image\">\n<figure class=\"alignleft\"><img decoding=\"async\" src=\"http:\/\/constructiiecologice.ro\/wp-content\/uploads\/2017\/08\/echipa-de-constructii-case-ecologice-300x300.jpg\" alt=\"\" class=\"wp-image-133\"\/><\/figure>\n<\/div>\n\n\n<p class=\"has-text-align-center\">\u00cen timp, deja am reu\u0219it s\u0103 acumul\u0103m tot mai mult\u0103 experien\u021b\u0103, av\u00e2nd tot mai multe lucr\u0103ri exclusiv cu materiale naturale, printre care putem aminti cateva constructii din baloti de paie, din lut (cob) si butuci (cordwood), dar si lucrari de interior (tencuieli de var si argila sau tadelakt) sau termoizolari profesionale cu saltele de l\u00e2n\u0103, c\u00e2nep\u0103 sau pl\u0103ci din fibr\u0103 de lemn sau stuf.&nbsp;<\/p>\n\n\n\n<p class=\"has-text-align-right\"><em>\u2013 m\u00e2ndrii pentru faptul c\u0103 suntem prima echip\u0103 de constructori de case naturale, ecologice&nbsp;din Rom\u00e2nia care lucreaz\u0103 numai \u0219i numai cu materiale naturale \u0219i pentru c\u0103 v\u0103 putem oferii solu\u021bii complete pentru o cas\u0103 ecologic\u0103, natural\u0103, 100% s\u0103n\u0103toas\u0103!<\/em><\/p>\n\n\n\n<p class=\"has-text-align-center\">Activitatea noastr\u0103 principal\u0103 este construirea de case ecologice din lut (diferite tehnici), construirea caselor din baloti de paie, dar, datorit\u0103 colabor\u0103rii cu arhitec\u021bi specializa\u021bi pe construc\u021biile verzi, \u0219i cu diferiti distribuitori de materiale de constructii ecologice,&nbsp; sau diferiti meseri (de ex. sobari), putem s\u0103 v\u0103 oferim solu\u021bii complete \u00een ceea ce prive\u0219te construirea unei case ecologice sau lucr\u0103ri de renovare, reabilitare sau restaurare a &nbsp;caselor vechi, construite din materiale naturale.<\/p>\n","protected":false},"excerpt":{"rendered":"<p>Pentru noi, important este faptul c\u0103 \u00een acest\u0103 lume materialist\u0103, consumerist\u0103 \u00eencerc\u0103m s\u0103 form\u0103m o echip\u0103 profesional\u0103, corect\u0103 care,&nbsp; s\u0103 considere o colaborare echip\u0103-beneficiar nimic altceva dec\u00e2t o \u00eentr-ajutorare benefic\u0103 &hellip; <\/p>\n","protected":false},"author":1,"featured_media":47,"parent":0,"menu_order":0,"comment_status":"closed","ping_status":"closed","template":"","meta":{"_themeisle_gutenberg_block_has_review":false,"footnotes":""},"class_list":["post-20","page","type-page","status-publish","has-post-thumbnail","hentry"],"_links":{"self":[{"href":"https:\/\/constructiiecologice.ro\/echipa\/wp-json\/wp\/v2\/pages\/20","targetHints":{"allow":["GET"]}}],"collection":[{"href":"https:\/\/constructiiecologice.ro\/echipa\/wp-json\/wp\/v2\/pages"}],"about":[{"href":"https:\/\/constructiiecologice.ro\/echipa\/wp-json\/wp\/v2\/types\/page"}],"author":[{"embeddable":true,"href":"https:\/\/constructiiecologice.ro\/echipa\/wp-json\/wp\/v2\/users\/1"}],"replies":[{"embeddable":true,"href":"https:\/\/constructiiecologice.ro\/echipa\/wp-json\/wp\/v2\/comments?post=20"}],"version-history":[{"count":2,"href":"https:\/\/constructiiecologice.ro\/echipa\/wp-json\/wp\/v2\/pages\/20\/revisions"}],"predecessor-version":[{"id":42,"href":"https:\/\/constructiiecologice.ro\/echipa\/wp-json\/wp\/v2\/pages\/20\/revisions\/42"}],"wp:featuredmedia":[{"embeddable":true,"href":"https:\/\/constructiiecologice.ro\/echipa\/wp-json\/wp\/v2\/media\/47"}],"wp:attachment":[{"href":"https:\/\/constructiiecologice.ro\/echipa\/wp-json\/wp\/v2\/media?parent=20"}],"curies":[{"name":"wp","href":"https:\/\/api.w.org\/{rel}","templated":true}]}}